{"id":1354,"date":"2022-06-22T08:36:02","date_gmt":"2022-06-22T08:36:02","guid":{"rendered":"https:\/\/startersites.io\/elementor\/persona\/?page_id=1354"},"modified":"2025-06-03T23:40:22","modified_gmt":"2025-06-03T21:40:22","slug":"services","status":"publish","type":"page","link":"https:\/\/kosmetika.kosmeticke-studio-slunecna-tvar.cz\/?page_id=1354","title":{"rendered":"Slu\u017eby"},"content":{"rendered":"\t\t<div data-elementor-type=\"wp-page\" data-elementor-id=\"1354\" class=\"elementor elementor-1354\">\n\t\t\t\t<div class=\"elementor-element elementor-element-0905334 e-flex e-con-boxed e-con e-parent\" data-id=\"0905334\" data-element_type=\"container\">\n\t\t\t\t\t<div class=\"e-con-inner\">\n\t\t\t\t<div class=\"elementor-element elementor-element-83ee6cf elementor-widget elementor-widget-image\" data-id=\"83ee6cf\" data-element_type=\"widget\" data-widget_type=\"image.default\">\n\t\t\t\t<div class=\"elementor-widget-container\">\n\t\t\t\t\t\t\t\t\t\t\t\t\t\t\t<img fetchpriority=\"high\" decoding=\"async\" width=\"768\" height=\"768\" src=\"https:\/\/kosmetika.kosmeticke-studio-slunecna-tvar.cz\/wp-content\/uploads\/2025\/06\/CENY-768x768.png\" class=\"attachment-medium_large size-medium_large wp-image-1614\" alt=\"\" srcset=\"https:\/\/kosmetika.kosmeticke-studio-slunecna-tvar.cz\/wp-content\/uploads\/2025\/06\/CENY-768x768.png 768w, https:\/\/kosmetika.kosmeticke-studio-slunecna-tvar.cz\/wp-content\/uploads\/2025\/06\/CENY-300x300.png 300w, https:\/\/kosmetika.kosmeticke-studio-slunecna-tvar.cz\/wp-content\/uploads\/2025\/06\/CENY-1024x1024.png 1024w, https:\/\/kosmetika.kosmeticke-studio-slunecna-tvar.cz\/wp-content\/uploads\/2025\/06\/CENY-150x150.png 150w, https:\/\/kosmetika.kosmeticke-studio-slunecna-tvar.cz\/wp-content\/uploads\/2025\/06\/CENY.png 1309w\" sizes=\"(max-width: 768px) 100vw, 768px\" \/>\t\t\t\t\t\t\t\t\t\t\t\t\t\t\t<\/div>\n\t\t\t\t<\/div>\n\t\t\t\t\t<\/div>\n\t\t\t\t<\/div>\n\t\t<div class=\"elementor-element elementor-element-679b9d1 e-flex e-con-boxed e-con e-parent\" data-id=\"679b9d1\" data-element_type=\"container\">\n\t\t\t\t\t<div class=\"e-con-inner\">\n\t\t\t\t<div class=\"elementor-element elementor-element-06da58e elementor-widget elementor-widget-text-editor\" data-id=\"06da58e\" data-element_type=\"widget\" data-widget_type=\"text-editor.default\">\n\t\t\t\t<div class=\"elementor-widget-container\">\n\t\t\t\t\t\t\t\t\t<p><strong>Diamantov\u00e1<\/strong>\u00a0<strong>mikrodermabraze<\/strong><\/p><p>Mikrodermabraze (mikrovyhlazen\u00ed) pat\u0159\u00ed k jedn\u00e9 z nejpopul\u00e1rn\u011bj\u0161\u00edch druh\u016f mechanick\u00e9ho peelingu a lze ji zahrnout do kosmetick\u00e9ho o\u0161et\u0159en\u00ed.<\/p><p>Je efektivn\u00ed metodou odstran\u011bn\u00ed jemn\u00fdch vr\u00e1sek, pigmentov\u00fdch skvrn jizvi\u010dek a\u00a0celkov\u00e9 regenerace a\u00a0 omlazen\u00ed pleti.<\/p><p>Mikrodermabraze (mikrovyhlazen\u00ed) je mechanick\u00fd peeling umo\u017e\u0148uj\u00edc\u00ed odstran\u011bn\u00ed odum\u0159el\u00fdch ko\u017en\u00edch bun\u011bk. D\u00edky modern\u00edmu p\u0159\u00edstroji, kter\u00fd m\u00e1 speci\u00e1ln\u00ed diamantov\u00e9 n\u00e1stavce, lze dos\u00e1hnout zlep\u0161en\u00ed vzhledu pleti, ale tak\u00e9 ji \u00fa\u010dinn\u011b p\u0159ipravit pro dal\u0161\u00ed z\u00e1kroky, a zv\u00fd\u0161it t\u00edm jej\u00ed schopnost absorpce \u00fa\u010dinn\u00fdch l\u00e1tek. Tento z\u00e1krok nen\u00ed \u00faplnou novinkou, modern\u00ed kosmetick\u00e9 p\u0159\u00edstroje na diamantovou mikrodermabrazi toti\u017e pozvolna nahradily star\u0161\u00ed postupy. Na rozd\u00edl od dermabraze je diamantov\u00e1 mikrodermabraze z\u00e1krok neinvazivn\u00ed a bezbolestn\u00fd.<\/p><p>Procedura spo\u010d\u00edv\u00e1 v proveden\u00ed velmi jemn\u00e9ho peelingu, p\u0159i\u010dem\u017e nejlep\u0161\u00ed v\u00fdsledky jsou patrn\u00e9 u pacient\u016f s prvn\u00edmi p\u0159\u00edznaky st\u00e1rnut\u00ed k\u016f\u017ee. O\u0161et\u0159ovat lze jak obli\u010dej, tak i oblast dekoltu, z\u00e1da, kter\u00e9 vy\u017eaduj\u00ed vylep\u0161en\u00ed vzhledu k\u016f\u017ee.<br \/>Stejn\u011b jako jak\u00e9koli jin\u00e9 peelingy spou\u0161t\u00ed mikrovyhlazen\u00ed mechanizmus regenerace k\u016f\u017ee, stimuluje produkci kolagenu a elastinu a d\u00edky tomu je vid\u011bt ji\u017e po dvou a\u017e t\u0159ech sezen\u00edch omlazuj\u00edc\u00ed efekt. V\u00fdsledkem diamantov\u00e9 mikrodermabraze je sv\u011b\u017e\u00ed a u\u00e1\u0159iv\u00e1 ple\u0165.<\/p>\t\t\t\t\t\t\t\t<\/div>\n\t\t\t\t<\/div>\n\t\t\t\t\t<\/div>\n\t\t\t\t<\/div>\n\t\t\t\t<\/div>\n\t\t","protected":false},"excerpt":{"rendered":"<p>Diamantov\u00e1\u00a0mikrodermabraze Mikrodermabraze (mikrovyhlazen\u00ed) pat\u0159\u00ed k jedn\u00e9 z nejpopul\u00e1rn\u011bj\u0161\u00edch druh\u016f mechanick\u00e9ho peelingu a lze ji zahrnout do kosmetick\u00e9ho o\u0161et\u0159en\u00ed. Je efektivn\u00ed metodou odstran\u011bn\u00ed jemn\u00fdch vr\u00e1sek, pigmentov\u00fdch skvrn jizvi\u010dek a\u00a0celkov\u00e9 regenerace a\u00a0 omlazen\u00ed pleti. Mikrodermabraze (mikrovyhlazen\u00ed) je mechanick\u00fd peeling umo\u017e\u0148uj\u00edc\u00ed odstran\u011bn\u00ed odum\u0159el\u00fdch ko\u017en\u00edch bun\u011bk. D\u00edky modern\u00edmu p\u0159\u00edstroji, kter\u00fd m\u00e1 speci\u00e1ln\u00ed diamantov\u00e9 n\u00e1stavce, lze dos\u00e1hnout zlep\u0161en\u00ed vzhledu pleti, [&hellip;]<\/p>\n","protected":false},"author":1,"featured_media":0,"parent":0,"menu_order":0,"comment_status":"closed","ping_status":"closed","template":"","meta":{"footnotes":""},"class_list":["post-1354","page","type-page","status-publish","hentry"],"blocksy_meta":{"styles_descriptor":{"styles":{"desktop":"","tablet":"","mobile":""},"google_fonts":[],"version":6}},"_links":{"self":[{"href":"https:\/\/kosmetika.kosmeticke-studio-slunecna-tvar.cz\/index.php?rest_route=\/wp\/v2\/pages\/1354","targetHints":{"allow":["GET"]}}],"collection":[{"href":"https:\/\/kosmetika.kosmeticke-studio-slunecna-tvar.cz\/index.php?rest_route=\/wp\/v2\/pages"}],"about":[{"href":"https:\/\/kosmetika.kosmeticke-studio-slunecna-tvar.cz\/index.php?rest_route=\/wp\/v2\/types\/page"}],"author":[{"embeddable":true,"href":"https:\/\/kosmetika.kosmeticke-studio-slunecna-tvar.cz\/index.php?rest_route=\/wp\/v2\/users\/1"}],"replies":[{"embeddable":true,"href":"https:\/\/kosmetika.kosmeticke-studio-slunecna-tvar.cz\/index.php?rest_route=%2Fwp%2Fv2%2Fcomments&post=1354"}],"version-history":[{"count":22,"href":"https:\/\/kosmetika.kosmeticke-studio-slunecna-tvar.cz\/index.php?rest_route=\/wp\/v2\/pages\/1354\/revisions"}],"predecessor-version":[{"id":1620,"href":"https:\/\/kosmetika.kosmeticke-studio-slunecna-tvar.cz\/index.php?rest_route=\/wp\/v2\/pages\/1354\/revisions\/1620"}],"wp:attachment":[{"href":"https:\/\/kosmetika.kosmeticke-studio-slunecna-tvar.cz\/index.php?rest_route=%2Fwp%2Fv2%2Fmedia&parent=1354"}],"curies":[{"name":"wp","href":"https:\/\/api.w.org\/{rel}","templated":true}]}}