{"id":785,"date":"2022-06-09T16:32:01","date_gmt":"2022-06-09T16:32:01","guid":{"rendered":"https:\/\/startersites.io\/elementor\/persona\/?page_id=785"},"modified":"2025-05-30T20:29:46","modified_gmt":"2025-05-30T18:29:46","slug":"contact","status":"publish","type":"page","link":"https:\/\/kosmetika.kosmeticke-studio-slunecna-tvar.cz\/?page_id=785","title":{"rendered":"Kontakt"},"content":{"rendered":"\t\t<div data-elementor-type=\"wp-page\" data-elementor-id=\"785\" class=\"elementor elementor-785\">\n\t\t\t\t<div class=\"elementor-element elementor-element-3af31ee e-flex e-con-boxed e-con e-parent\" data-id=\"3af31ee\" data-element_type=\"container\">\n\t\t\t\t\t<div class=\"e-con-inner\">\n\t\t<div class=\"elementor-element elementor-element-23e6bfe8 e-con-full e-flex e-con e-child\" data-id=\"23e6bfe8\" data-element_type=\"container\" data-settings=\"{&quot;background_background&quot;:&quot;classic&quot;}\">\n\t\t\t\t<div class=\"elementor-element elementor-element-1d17c13a elementor-view-default elementor-position-top elementor-mobile-position-top elementor-widget elementor-widget-icon-box\" data-id=\"1d17c13a\" data-element_type=\"widget\" data-widget_type=\"icon-box.default\">\n\t\t\t\t<div class=\"elementor-widget-container\">\n\t\t\t\t\t\t\t<div class=\"elementor-icon-box-wrapper\">\n\n\t\t\t\t\t\t<div class=\"elementor-icon-box-icon\">\n\t\t\t\t<a href=\"https:\/\/www.google.com\/maps\/place\/Kosmetick%C3%A9+studio+Slune%C4%8Dn%C3%A1+tv%C3%A1%C5%99\/@49.7240671,13.235649,63m\/data=!3m1!1e3!4m6!3m5!1s0x470a9319ee0512a5:0x24ec2c2a4f6604ca!8m2!3d49.7241153!4d13.235703!16s%2Fg%2F11x1cxp4nd?entry=ttu&#038;g_ep=EgoyMDI1MDUyNy4wIKXMDSoASAFQAw%3D%3D\" class=\"elementor-icon\" tabindex=\"-1\" aria-label=\"Adresa\">\n\t\t\t\t<svg aria-hidden=\"true\" class=\"e-font-icon-svg e-fas-map-marker-alt\" viewBox=\"0 0 384 512\" xmlns=\"http:\/\/www.w3.org\/2000\/svg\"><path d=\"M172.268 501.67C26.97 291.031 0 269.413 0 192 0 85.961 85.961 0 192 0s192 85.961 192 192c0 77.413-26.97 99.031-172.268 309.67-9.535 13.774-29.93 13.773-39.464 0zM192 272c44.183 0 80-35.817 80-80s-35.817-80-80-80-80 35.817-80 80 35.817 80 80 80z\"><\/path><\/svg>\t\t\t\t<\/a>\n\t\t\t<\/div>\n\t\t\t\n\t\t\t\t\t\t<div class=\"elementor-icon-box-content\">\n\n\t\t\t\t\t\t\t\t\t<h3 class=\"elementor-icon-box-title\">\n\t\t\t\t\t\t<a href=\"https:\/\/www.google.com\/maps\/place\/Kosmetick%C3%A9+studio+Slune%C4%8Dn%C3%A1+tv%C3%A1%C5%99\/@49.7240671,13.235649,63m\/data=!3m1!1e3!4m6!3m5!1s0x470a9319ee0512a5:0x24ec2c2a4f6604ca!8m2!3d49.7241153!4d13.235703!16s%2Fg%2F11x1cxp4nd?entry=ttu&#038;g_ep=EgoyMDI1MDUyNy4wIKXMDSoASAFQAw%3D%3D\" >\n\t\t\t\t\t\t\tAdresa\t\t\t\t\t\t<\/a>\n\t\t\t\t\t<\/h3>\n\t\t\t\t\n\t\t\t\t\t\t\t\t\t<p class=\"elementor-icon-box-description\">\n\t\t\t\t\t\tHlavn\u00ed 153, 330 26 Tlu\u010dn\u00e1\t\t\t\t\t<\/p>\n\t\t\t\t\n\t\t\t<\/div>\n\t\t\t\n\t\t<\/div>\n\t\t\t\t\t\t<\/div>\n\t\t\t\t<\/div>\n\t\t\t\t<\/div>\n\t\t<div class=\"elementor-element elementor-element-2d050f7d e-con-full e-flex e-con e-child\" data-id=\"2d050f7d\" data-element_type=\"container\" data-settings=\"{&quot;background_background&quot;:&quot;classic&quot;}\">\n\t\t\t\t<div class=\"elementor-element elementor-element-18a43565 elementor-view-default elementor-position-top elementor-mobile-position-top elementor-widget elementor-widget-icon-box\" data-id=\"18a43565\" data-element_type=\"widget\" data-widget_type=\"icon-box.default\">\n\t\t\t\t<div class=\"elementor-widget-container\">\n\t\t\t\t\t\t\t<div class=\"elementor-icon-box-wrapper\">\n\n\t\t\t\t\t\t<div class=\"elementor-icon-box-icon\">\n\t\t\t\t<span  class=\"elementor-icon\">\n\t\t\t\t<svg aria-hidden=\"true\" class=\"e-font-icon-svg e-fas-phone-alt\" viewBox=\"0 0 512 512\" xmlns=\"http:\/\/www.w3.org\/2000\/svg\"><path d=\"M497.39 361.8l-112-48a24 24 0 0 0-28 6.9l-49.6 60.6A370.66 370.66 0 0 1 130.6 204.11l60.6-49.6a23.94 23.94 0 0 0 6.9-28l-48-112A24.16 24.16 0 0 0 122.6.61l-104 24A24 24 0 0 0 0 48c0 256.5 207.9 464 464 464a24 24 0 0 0 23.4-18.6l24-104a24.29 24.29 0 0 0-14.01-27.6z\"><\/path><\/svg>\t\t\t\t<\/span>\n\t\t\t<\/div>\n\t\t\t\n\t\t\t\t\t\t<div class=\"elementor-icon-box-content\">\n\n\t\t\t\t\t\t\t\t\t<h3 class=\"elementor-icon-box-title\">\n\t\t\t\t\t\t<span  >\n\t\t\t\t\t\t\tTelefon\t\t\t\t\t\t<\/span>\n\t\t\t\t\t<\/h3>\n\t\t\t\t\n\t\t\t\t\t\t\t\t\t<p class=\"elementor-icon-box-description\">\n\t\t\t\t\t\t+420 602 555 501\t\t\t\t\t<\/p>\n\t\t\t\t\n\t\t\t<\/div>\n\t\t\t\n\t\t<\/div>\n\t\t\t\t\t\t<\/div>\n\t\t\t\t<\/div>\n\t\t\t\t<\/div>\n\t\t\t\t\t<\/div>\n\t\t\t\t<\/div>\n\t\t\t\t<\/div>\n\t\t","protected":false},"excerpt":{"rendered":"<p>Adresa Hlavn\u00ed 153, 330 26 Tlu\u010dn\u00e1 Telefon +420 602 555 501<\/p>\n","protected":false},"author":1,"featured_media":0,"parent":0,"menu_order":0,"comment_status":"closed","ping_status":"closed","template":"","meta":{"footnotes":""},"class_list":["post-785","page","type-page","status-publish","hentry"],"blocksy_meta":{"styles_descriptor":{"styles":{"desktop":"","tablet":"","mobile":""},"google_fonts":[],"version":6}},"_links":{"self":[{"href":"https:\/\/kosmetika.kosmeticke-studio-slunecna-tvar.cz\/index.php?rest_route=\/wp\/v2\/pages\/785","targetHints":{"allow":["GET"]}}],"collection":[{"href":"https:\/\/kosmetika.kosmeticke-studio-slunecna-tvar.cz\/index.php?rest_route=\/wp\/v2\/pages"}],"about":[{"href":"https:\/\/kosmetika.kosmeticke-studio-slunecna-tvar.cz\/index.php?rest_route=\/wp\/v2\/types\/page"}],"author":[{"embeddable":true,"href":"https:\/\/kosmetika.kosmeticke-studio-slunecna-tvar.cz\/index.php?rest_route=\/wp\/v2\/users\/1"}],"replies":[{"embeddable":true,"href":"https:\/\/kosmetika.kosmeticke-studio-slunecna-tvar.cz\/index.php?rest_route=%2Fwp%2Fv2%2Fcomments&post=785"}],"version-history":[{"count":4,"href":"https:\/\/kosmetika.kosmeticke-studio-slunecna-tvar.cz\/index.php?rest_route=\/wp\/v2\/pages\/785\/revisions"}],"predecessor-version":[{"id":1520,"href":"https:\/\/kosmetika.kosmeticke-studio-slunecna-tvar.cz\/index.php?rest_route=\/wp\/v2\/pages\/785\/revisions\/1520"}],"wp:attachment":[{"href":"https:\/\/kosmetika.kosmeticke-studio-slunecna-tvar.cz\/index.php?rest_route=%2Fwp%2Fv2%2Fmedia&parent=785"}],"curies":[{"name":"wp","href":"https:\/\/api.w.org\/{rel}","templated":true}]}}