{"id":835,"date":"2022-06-09T17:18:39","date_gmt":"2022-06-09T17:18:39","guid":{"rendered":"https:\/\/startersites.io\/elementor\/persona\/?page_id=835"},"modified":"2025-05-30T20:20:26","modified_gmt":"2025-05-30T18:20:26","slug":"about-us","status":"publish","type":"page","link":"https:\/\/kosmetika.kosmeticke-studio-slunecna-tvar.cz\/?page_id=835","title":{"rendered":"O mn\u011b"},"content":{"rendered":"\t\t<div data-elementor-type=\"wp-page\" data-elementor-id=\"835\" class=\"elementor elementor-835\">\n\t\t\t\t<div class=\"elementor-element elementor-element-f32d86d e-flex e-con-boxed e-con e-parent\" data-id=\"f32d86d\" data-element_type=\"container\">\n\t\t\t\t\t<div class=\"e-con-inner\">\n\t\t\t\t<div class=\"elementor-element elementor-element-a3cc2d0 elementor-widget__width-initial elementor-widget elementor-widget-image\" data-id=\"a3cc2d0\" data-element_type=\"widget\" data-widget_type=\"image.default\">\n\t\t\t\t<div class=\"elementor-widget-container\">\n\t\t\t\t\t\t\t\t\t\t\t\t\t\t\t<img fetchpriority=\"high\" decoding=\"async\" width=\"1356\" height=\"1636\" src=\"https:\/\/kosmetika.kosmeticke-studio-slunecna-tvar.cz\/wp-content\/uploads\/2025\/05\/Eliska.png\" class=\"attachment-full size-full wp-image-1489\" alt=\"\" srcset=\"https:\/\/kosmetika.kosmeticke-studio-slunecna-tvar.cz\/wp-content\/uploads\/2025\/05\/Eliska.png 1356w, https:\/\/kosmetika.kosmeticke-studio-slunecna-tvar.cz\/wp-content\/uploads\/2025\/05\/Eliska-249x300.png 249w, https:\/\/kosmetika.kosmeticke-studio-slunecna-tvar.cz\/wp-content\/uploads\/2025\/05\/Eliska-849x1024.png 849w, https:\/\/kosmetika.kosmeticke-studio-slunecna-tvar.cz\/wp-content\/uploads\/2025\/05\/Eliska-768x927.png 768w, https:\/\/kosmetika.kosmeticke-studio-slunecna-tvar.cz\/wp-content\/uploads\/2025\/05\/Eliska-1273x1536.png 1273w\" sizes=\"(max-width: 1356px) 100vw, 1356px\" \/>\t\t\t\t\t\t\t\t\t\t\t\t\t\t\t<\/div>\n\t\t\t\t<\/div>\n\t\t<div class=\"elementor-element elementor-element-f190a5a e-con-full e-flex e-con e-child\" data-id=\"f190a5a\" data-element_type=\"container\">\n\t\t<div class=\"elementor-element elementor-element-23587c7 e-con-full e-flex e-con e-child\" data-id=\"23587c7\" data-element_type=\"container\">\n\t\t<div class=\"elementor-element elementor-element-6918e32 e-con-full e-flex e-con e-child\" data-id=\"6918e32\" data-element_type=\"container\">\n\t\t\t\t<div class=\"elementor-element elementor-element-5e5fad7 elementor-widget elementor-widget-text-editor\" data-id=\"5e5fad7\" data-element_type=\"widget\" data-widget_type=\"text-editor.default\">\n\t\t\t\t<div class=\"elementor-widget-container\">\n\t\t\t\t\t\t\t\t\t<p>P\u016fsob\u00edm jako kosmeti\u010dka, viz\u00e1\u017eistka a vlasov\u00e1 stylistka. K tomu m\u011b dovedla moje cesta s\u00a0pochopen\u00edm, \u017ee mohu pomoci i ostatn\u00edm c\u00edtit se\u00a0 sebev\u011bdom\u011b a b\u00fdt kr\u00e1sn\u011bj\u0161\u00ed verz\u00ed sama sebe.<\/p><p>Kr\u00e1sa = fyzick\u00e9 i du\u0161evn\u00ed zdrav\u00ed<\/p><p>Proto je opr\u00e1vn\u011bn\u00e1 ve\u0161ker\u00e1 p\u00e9\u010de o ple\u0165 i l\u00ed\u010den\u00ed, m\u00fdm posl\u00e1n\u00edm je tedy pom\u00e1hat \u017een\u00e1m doc\u00edlit toho, aby se c\u00edtily kr\u00e1sn\u00e9 a sebev\u011bdom\u00e9. Kr\u00e1sa \u017eeny je nezam\u011bniteln\u00fdm pokladem a pro m\u011b je velkou ct\u00ed, \u017ee mohu b\u00fdt sou\u010d\u00e1st\u00ed.<\/p><p>V\u017edy si zakl\u00e1d\u00e1m na individu\u00e1ln\u00edm p\u0159\u00edstupu, p\u0159\u00e1telsk\u00e9 a pozitivn\u00ed vln\u011b. Profesion\u00e1ln\u00ed p\u0159\u00edstup spole\u010dn\u011b s\u00a0inovacemi je pro m\u011b samoz\u0159ejmost\u00ed. Dostate\u010dn\u00e9 vzd\u011bl\u00e1n\u00ed v\u00a0tomto oboru nikdy nekon\u010d\u00ed,\u00a0 proto se nep\u0159etr\u017eit\u011b zaj\u00edm\u00e1m a vzd\u011bl\u00e1v\u00e1m. Sleduji v\u0161echny nov\u00e9 trendy a v\u00fdzkumy, kter\u00e9 pak aplikuji do l\u00ed\u010den\u00ed i kosmetick\u00e9ho o\u0161et\u0159en\u00ed v\u00e1m na m\u00edru u\u0161it\u00e9m.<\/p><p>M\u00e1m za sebou \u0159adu zku\u0161enost\u00ed a spoluprac\u00ed, kde jsem m\u011bla tu \u010dest pracovat nap\u0159\u00edklad s\u00a0p\u0159edn\u00edmi \u010desk\u00fdmi fotografy, jako je reklamn\u00ed fotograf Filip Matu\u0161insk\u00fd, nebo Kamil Rodinger. L\u00ed\u010dila jsem tv\u00e1\u0159e miss, zn\u00e1m\u00fdch modelek, herc\u016f i zp\u011bv\u00e1k\u016f jako je nap\u0159\u00edklad Eli\u0161ka B\u016f\u010dkov\u00e1, Jana Dole\u017ealov\u00e1, Tali, nebo Zuzana Byd\u017eovsk\u00e1. Reklama pro Ba\u0165u, nebo paralympijsk\u00e9 hry byla t\u00e9\u017e p\u0159\u00edjemn\u00fdm pracovn\u00edm z\u00e1\u017eitkem. V\u00a0l\u00ed\u010den\u00ed se v\u011bnuji i osobn\u00ed klientele a to p\u0159edev\u0161\u00edm svatebn\u00edmu make-upu i s\u00a0\u00fa\u010desem, nebo ve\u010dern\u00edmu looku na jakoukoliv slavnostn\u00ed p\u0159\u00edle\u017eitost. V\u017edy se soust\u0159ed\u00edm na podtrhnut\u00ed kr\u00e1sy a vystihnut\u00ed osobnosti. Je nadm\u011brn\u011b d\u016fle\u017eit\u00e9, aby se ka\u017ed\u00fd v\u00a0make-upu c\u00edtil b\u00fdt s\u00e1m sebou a ne n\u011bk\u00fdm jin\u00fdm.<\/p><p>M\u00e1 pr\u00e1ce je m\u00fdm nejmilej\u0161\u00edm kon\u00ed\u010dkem a proto ji d\u011bl\u00e1m s\u00a0l\u00e1skou a pokorou. Kr\u00e1sa je va\u0161e radost, va\u0161e pozitivn\u00ed energie a pro m\u011b bude velkou ct\u00ed v\u00e1s p\u0159iv\u00edtat ve studiu, kter\u00e9 je m\u00edstem pro relaxaci a zkr\u00e1\u0161lov\u00e1n\u00ed.<\/p>\t\t\t\t\t\t\t\t<\/div>\n\t\t\t\t<\/div>\n\t\t\t\t<\/div>\n\t\t\t\t<\/div>\n\t\t\t\t<\/div>\n\t\t\t\t\t<\/div>\n\t\t\t\t<\/div>\n\t\t\t\t<\/div>\n\t\t","protected":false},"excerpt":{"rendered":"<p>Pellentesque tincidunt tristique neque, eget venenatis enim gravida quis. Fusce at egestas libero. Cras convallis egestas ullamcorper suspens.<\/p>\n","protected":false},"author":1,"featured_media":0,"parent":0,"menu_order":0,"comment_status":"closed","ping_status":"closed","template":"","meta":{"footnotes":""},"class_list":["post-835","page","type-page","status-publish","hentry"],"blocksy_meta":{"styles_descriptor":{"styles":{"desktop":"","tablet":"","mobile":""},"google_fonts":[],"version":6}},"_links":{"self":[{"href":"https:\/\/kosmetika.kosmeticke-studio-slunecna-tvar.cz\/index.php?rest_route=\/wp\/v2\/pages\/835","targetHints":{"allow":["GET"]}}],"collection":[{"href":"https:\/\/kosmetika.kosmeticke-studio-slunecna-tvar.cz\/index.php?rest_route=\/wp\/v2\/pages"}],"about":[{"href":"https:\/\/kosmetika.kosmeticke-studio-slunecna-tvar.cz\/index.php?rest_route=\/wp\/v2\/types\/page"}],"author":[{"embeddable":true,"href":"https:\/\/kosmetika.kosmeticke-studio-slunecna-tvar.cz\/index.php?rest_route=\/wp\/v2\/users\/1"}],"replies":[{"embeddable":true,"href":"https:\/\/kosmetika.kosmeticke-studio-slunecna-tvar.cz\/index.php?rest_route=%2Fwp%2Fv2%2Fcomments&post=835"}],"version-history":[{"count":4,"href":"https:\/\/kosmetika.kosmeticke-studio-slunecna-tvar.cz\/index.php?rest_route=\/wp\/v2\/pages\/835\/revisions"}],"predecessor-version":[{"id":1509,"href":"https:\/\/kosmetika.kosmeticke-studio-slunecna-tvar.cz\/index.php?rest_route=\/wp\/v2\/pages\/835\/revisions\/1509"}],"wp:attachment":[{"href":"https:\/\/kosmetika.kosmeticke-studio-slunecna-tvar.cz\/index.php?rest_route=%2Fwp%2Fv2%2Fmedia&parent=835"}],"curies":[{"name":"wp","href":"https:\/\/api.w.org\/{rel}","templated":true}]}}